{"id":3711,"date":"2025-04-03T22:06:25","date_gmt":"2025-04-03T22:06:25","guid":{"rendered":"https:\/\/decolchonesmarpe.es\/dcpruebas\/?post_type=product&#038;p=3711"},"modified":"2025-05-12T22:38:10","modified_gmt":"2025-05-12T22:38:10","slug":"colchon-lueur-de-nuit","status":"publish","type":"product","link":"https:\/\/decolchonesmarpe.es\/dcpruebas\/producto\/colchon-lueur-de-nuit\/","title":{"rendered":"Colch\u00f3n Lueur de Nuit"},"content":{"rendered":"<div class=\"fusion-layout-column fusion_builder_column fusion-builder-column-8 fusion-flex-column\">\n<div class=\"fusion-column-wrapper fusion-column-has-shadow fusion-flex-justify-content-flex-start fusion-content-layout-column\">\n<div class=\"fusion-title title fusion-title-6 fusion-sep-none fusion-title-text fusion-title-size-three\">\n<h3 class=\"fusion-title-heading title-heading-left\" style=\"text-align: center;\"><strong>Especificaciones de tu colch\u00f3n<\/strong><\/h3>\n<\/div>\n<div class=\"fusion-text fusion-text-3 fusion-text-no-margin\" style=\"text-align: center;\">\n<p><strong>Sensaci\u00f3n alto confort<\/strong><\/p>\n<\/div>\n<div class=\"fusion-builder-row fusion-builder-row-inner fusion-row fusion-flex-align-items-center fusion-flex-content-wrap\" style=\"text-align: center;\">\n<div class=\"fusion-layout-column fusion_builder_column_inner fusion-builder-nested-column-0 fusion_builder_column_inner_1_2 1_2 fusion-flex-column\">\n<div class=\"fusion-column-wrapper fusion-column-has-shadow fusion-flex-justify-content-flex-start fusion-content-layout-column\">\n<div><strong><a class=\"fusion-button button-flat fusion-button-default-size button-custom fusion-button-default button-1 fusion-button-default-span fusion-button-default-type\" href=\"https:\/\/www.marpedescanso.com\/colchon-lueur-de-nuit\/#\" target=\"_self\"><i class=\"fa-mountain fas button-icon-left\" aria-hidden=\"true\"><\/i><span class=\"fusion-button-text\">32 cm<\/span><\/a><\/strong><\/div>\n<\/div>\n<\/div>\n<div class=\"fusion-layout-column fusion_builder_column_inner fusion-builder-nested-column-1 fusion_builder_column_inner_1_2 1_2 fusion-flex-column\">\n<div class=\"fusion-column-wrapper fusion-column-has-shadow fusion-flex-justify-content-flex-start fusion-content-layout-column\">\n<div><strong><a class=\"fusion-button button-flat fusion-button-default-size button-custom fusion-button-default button-2 fusion-button-default-span fusion-button-default-type\" href=\"https:\/\/www.marpedescanso.com\/colchon-lueur-de-nuit\/#\" target=\"_self\"><i class=\"fa-weight-hanging fas button-icon-left\" aria-hidden=\"true\"><\/i><span class=\"fusion-button-text\">Firmeza media<\/span><\/a><\/strong><\/div>\n<\/div>\n<\/div>\n<\/div>\n<div class=\"fusion-builder-row fusion-builder-row-inner fusion-row fusion-flex-align-items-center fusion-flex-content-wrap\" style=\"text-align: center;\">\n<div class=\"fusion-layout-column fusion_builder_column_inner fusion-builder-nested-column-2 fusion_builder_column_inner_1_1 1_1 fusion-flex-column\">\n<div class=\"fusion-column-wrapper fusion-column-has-shadow fusion-flex-justify-content-flex-start fusion-content-layout-column\">\n<div class=\"fusion-separator fusion-full-width-sep\">\n<div class=\"fusion-separator-border sep-single sep-solid\"><\/div>\n<\/div>\n<\/div>\n<\/div>\n<\/div>\n<div class=\"fusion-li-item-content\" style=\"text-align: center;\">\n<p><strong>Viscoel\u00e1stica Formadapt<\/strong><\/p>\n<\/div>\n<div class=\"fusion-li-item-content\" style=\"text-align: center;\">\n<p><strong>Lana<\/strong><\/p>\n<\/div>\n<div class=\"fusion-li-item-content\" style=\"text-align: center;\">\n<p><strong>N\u00facleo Corefoam\u00ae<\/strong><\/p>\n<\/div>\n<div class=\"fusion-li-item-content\" style=\"text-align: center;\">\n<p><strong>Algod\u00f3n<\/strong><\/p>\n<\/div>\n<div class=\"fusion-li-item-content\">\n<p style=\"text-align: center;\"><strong>Latex<\/strong><\/p>\n<\/div>\n<\/div>\n<\/div>\n","protected":false},"excerpt":{"rendered":"<p>Nueva colecci\u00f3n &#8211; Colch\u00f3n Lueur de Nuit<\/p>\n","protected":false},"featured_media":3713,"comment_status":"open","ping_status":"closed","template":"","meta":[],"product_cat":[123,135],"product_tag":[],"class_list":{"0":"post-3711","1":"product","2":"type-product","3":"status-publish","4":"has-post-thumbnail","6":"product_cat-colchones","7":"product_cat-nueva-coleccion","9":"first","10":"instock","11":"shipping-taxable","12":"purchasable","13":"product-type-variable"},"yoast_head":"<!-- This site is optimized with the Yoast SEO plugin v23.8 - https:\/\/yoast.com\/wordpress\/plugins\/seo\/ -->\n<title>Colch\u00f3n Lueur de Nuit - De Colchones Marpe<\/title>\n<meta name=\"description\" content=\"DeColchones Marpe - Nueva colecci\u00f3n - Colch\u00f3n Lueur de Nuit - Nueva Colecci\u00f3n 2025 - Colch\u00f3n Nuit Royale de colchones Marpe descanso #noches m\u00e1gicas canarias santa cruz de Tenerife efecto nube insomnio viscolactic canape\" \/>\n<meta name=\"robots\" content=\"index, follow, max-snippet:-1, max-image-preview:large, max-video-preview:-1\" \/>\n<link rel=\"canonical\" href=\"https:\/\/decolchonesmarpe.es\/dcpruebas\/producto\/colchon-lueur-de-nuit\/\" \/>\n<meta property=\"og:locale\" content=\"es_ES\" \/>\n<meta property=\"og:type\" content=\"article\" \/>\n<meta property=\"og:title\" content=\"Colch\u00f3n Lueur de Nuit - De Colchones Marpe\" \/>\n<meta property=\"og:description\" content=\"DeColchones Marpe - Nueva colecci\u00f3n - Colch\u00f3n Lueur de Nuit - Nueva Colecci\u00f3n 2025 - Colch\u00f3n Nuit Royale de colchones Marpe descanso #noches m\u00e1gicas canarias santa cruz de Tenerife efecto nube insomnio viscolactic canape\" \/>\n<meta property=\"og:url\" content=\"https:\/\/decolchonesmarpe.es\/dcpruebas\/producto\/colchon-lueur-de-nuit\/\" \/>\n<meta property=\"og:site_name\" content=\"De Colchones Marpe\" \/>\n<meta property=\"article:modified_time\" content=\"2025-05-12T22:38:10+00:00\" \/>\n<meta property=\"og:image\" content=\"https:\/\/decolchonesmarpe.es\/dcpruebas\/wp-content\/uploads\/2025\/04\/LueurdeNuit.jpg\" \/>\n\t<meta property=\"og:image:width\" content=\"1249\" \/>\n\t<meta property=\"og:image:height\" content=\"597\" \/>\n\t<meta property=\"og:image:type\" content=\"image\/jpeg\" \/>\n<meta name=\"twitter:card\" content=\"summary_large_image\" \/>\n<meta name=\"twitter:label1\" content=\"Tiempo de lectura\" \/>\n\t<meta name=\"twitter:data1\" content=\"1 minuto\" \/>\n<script type=\"application\/ld+json\" class=\"yoast-schema-graph\">{\"@context\":\"https:\/\/schema.org\",\"@graph\":[{\"@type\":\"WebPage\",\"@id\":\"https:\/\/decolchonesmarpe.es\/dcpruebas\/producto\/colchon-lueur-de-nuit\/\",\"url\":\"https:\/\/decolchonesmarpe.es\/dcpruebas\/producto\/colchon-lueur-de-nuit\/\",\"name\":\"Colch\u00f3n Lueur de Nuit - De Colchones Marpe\",\"isPartOf\":{\"@id\":\"https:\/\/decolchonesmarpe.es\/dcpruebas\/#website\"},\"primaryImageOfPage\":{\"@id\":\"https:\/\/decolchonesmarpe.es\/dcpruebas\/producto\/colchon-lueur-de-nuit\/#primaryimage\"},\"image\":{\"@id\":\"https:\/\/decolchonesmarpe.es\/dcpruebas\/producto\/colchon-lueur-de-nuit\/#primaryimage\"},\"thumbnailUrl\":\"https:\/\/decolchonesmarpe.es\/dcpruebas\/wp-content\/uploads\/2025\/04\/LueurdeNuit.jpg\",\"datePublished\":\"2025-04-03T22:06:25+00:00\",\"dateModified\":\"2025-05-12T22:38:10+00:00\",\"description\":\"DeColchones Marpe - Nueva colecci\u00f3n - Colch\u00f3n Lueur de Nuit - Nueva Colecci\u00f3n 2025 - Colch\u00f3n Nuit Royale de colchones Marpe descanso #noches m\u00e1gicas canarias santa cruz de Tenerife efecto nube insomnio viscolactic canape\",\"breadcrumb\":{\"@id\":\"https:\/\/decolchonesmarpe.es\/dcpruebas\/producto\/colchon-lueur-de-nuit\/#breadcrumb\"},\"inLanguage\":\"es\",\"potentialAction\":[{\"@type\":\"ReadAction\",\"target\":[\"https:\/\/decolchonesmarpe.es\/dcpruebas\/producto\/colchon-lueur-de-nuit\/\"]}]},{\"@type\":\"ImageObject\",\"inLanguage\":\"es\",\"@id\":\"https:\/\/decolchonesmarpe.es\/dcpruebas\/producto\/colchon-lueur-de-nuit\/#primaryimage\",\"url\":\"https:\/\/decolchonesmarpe.es\/dcpruebas\/wp-content\/uploads\/2025\/04\/LueurdeNuit.jpg\",\"contentUrl\":\"https:\/\/decolchonesmarpe.es\/dcpruebas\/wp-content\/uploads\/2025\/04\/LueurdeNuit.jpg\",\"width\":1249,\"height\":597},{\"@type\":\"BreadcrumbList\",\"@id\":\"https:\/\/decolchonesmarpe.es\/dcpruebas\/producto\/colchon-lueur-de-nuit\/#breadcrumb\",\"itemListElement\":[{\"@type\":\"ListItem\",\"position\":1,\"name\":\"Portada\",\"item\":\"https:\/\/decolchonesmarpe.es\/dcpruebas\/\"},{\"@type\":\"ListItem\",\"position\":2,\"name\":\"Products\",\"item\":\"https:\/\/decolchonesmarpe.es\/dcpruebas\/shop\/\"},{\"@type\":\"ListItem\",\"position\":3,\"name\":\"Colch\u00f3n Lueur de Nuit\"}]},{\"@type\":\"WebSite\",\"@id\":\"https:\/\/decolchonesmarpe.es\/dcpruebas\/#website\",\"url\":\"https:\/\/decolchonesmarpe.es\/dcpruebas\/\",\"name\":\"De Colchones Marpe\",\"description\":\"Tienda de muebles de descanso en Tenerife\",\"potentialAction\":[{\"@type\":\"SearchAction\",\"target\":{\"@type\":\"EntryPoint\",\"urlTemplate\":\"https:\/\/decolchonesmarpe.es\/dcpruebas\/?s={search_term_string}\"},\"query-input\":{\"@type\":\"PropertyValueSpecification\",\"valueRequired\":true,\"valueName\":\"search_term_string\"}}],\"inLanguage\":\"es\"}]}<\/script>\n<!-- \/ Yoast SEO plugin. -->","yoast_head_json":{"title":"Colch\u00f3n Lueur de Nuit - De Colchones Marpe","description":"DeColchones Marpe - Nueva colecci\u00f3n - Colch\u00f3n Lueur de Nuit - Nueva Colecci\u00f3n 2025 - Colch\u00f3n Nuit Royale de colchones Marpe descanso #noches m\u00e1gicas canarias santa cruz de Tenerife efecto nube insomnio viscolactic canape","robots":{"index":"index","follow":"follow","max-snippet":"max-snippet:-1","max-image-preview":"max-image-preview:large","max-video-preview":"max-video-preview:-1"},"canonical":"https:\/\/decolchonesmarpe.es\/dcpruebas\/producto\/colchon-lueur-de-nuit\/","og_locale":"es_ES","og_type":"article","og_title":"Colch\u00f3n Lueur de Nuit - De Colchones Marpe","og_description":"DeColchones Marpe - Nueva colecci\u00f3n - Colch\u00f3n Lueur de Nuit - Nueva Colecci\u00f3n 2025 - Colch\u00f3n Nuit Royale de colchones Marpe descanso #noches m\u00e1gicas canarias santa cruz de Tenerife efecto nube insomnio viscolactic canape","og_url":"https:\/\/decolchonesmarpe.es\/dcpruebas\/producto\/colchon-lueur-de-nuit\/","og_site_name":"De Colchones Marpe","article_modified_time":"2025-05-12T22:38:10+00:00","og_image":[{"width":1249,"height":597,"url":"https:\/\/decolchonesmarpe.es\/dcpruebas\/wp-content\/uploads\/2025\/04\/LueurdeNuit.jpg","type":"image\/jpeg"}],"twitter_card":"summary_large_image","twitter_misc":{"Tiempo de lectura":"1 minuto"},"schema":{"@context":"https:\/\/schema.org","@graph":[{"@type":"WebPage","@id":"https:\/\/decolchonesmarpe.es\/dcpruebas\/producto\/colchon-lueur-de-nuit\/","url":"https:\/\/decolchonesmarpe.es\/dcpruebas\/producto\/colchon-lueur-de-nuit\/","name":"Colch\u00f3n Lueur de Nuit - De Colchones Marpe","isPartOf":{"@id":"https:\/\/decolchonesmarpe.es\/dcpruebas\/#website"},"primaryImageOfPage":{"@id":"https:\/\/decolchonesmarpe.es\/dcpruebas\/producto\/colchon-lueur-de-nuit\/#primaryimage"},"image":{"@id":"https:\/\/decolchonesmarpe.es\/dcpruebas\/producto\/colchon-lueur-de-nuit\/#primaryimage"},"thumbnailUrl":"https:\/\/decolchonesmarpe.es\/dcpruebas\/wp-content\/uploads\/2025\/04\/LueurdeNuit.jpg","datePublished":"2025-04-03T22:06:25+00:00","dateModified":"2025-05-12T22:38:10+00:00","description":"DeColchones Marpe - Nueva colecci\u00f3n - Colch\u00f3n Lueur de Nuit - Nueva Colecci\u00f3n 2025 - Colch\u00f3n Nuit Royale de colchones Marpe descanso #noches m\u00e1gicas canarias santa cruz de Tenerife efecto nube insomnio viscolactic canape","breadcrumb":{"@id":"https:\/\/decolchonesmarpe.es\/dcpruebas\/producto\/colchon-lueur-de-nuit\/#breadcrumb"},"inLanguage":"es","potentialAction":[{"@type":"ReadAction","target":["https:\/\/decolchonesmarpe.es\/dcpruebas\/producto\/colchon-lueur-de-nuit\/"]}]},{"@type":"ImageObject","inLanguage":"es","@id":"https:\/\/decolchonesmarpe.es\/dcpruebas\/producto\/colchon-lueur-de-nuit\/#primaryimage","url":"https:\/\/decolchonesmarpe.es\/dcpruebas\/wp-content\/uploads\/2025\/04\/LueurdeNuit.jpg","contentUrl":"https:\/\/decolchonesmarpe.es\/dcpruebas\/wp-content\/uploads\/2025\/04\/LueurdeNuit.jpg","width":1249,"height":597},{"@type":"BreadcrumbList","@id":"https:\/\/decolchonesmarpe.es\/dcpruebas\/producto\/colchon-lueur-de-nuit\/#breadcrumb","itemListElement":[{"@type":"ListItem","position":1,"name":"Portada","item":"https:\/\/decolchonesmarpe.es\/dcpruebas\/"},{"@type":"ListItem","position":2,"name":"Products","item":"https:\/\/decolchonesmarpe.es\/dcpruebas\/shop\/"},{"@type":"ListItem","position":3,"name":"Colch\u00f3n Lueur de Nuit"}]},{"@type":"WebSite","@id":"https:\/\/decolchonesmarpe.es\/dcpruebas\/#website","url":"https:\/\/decolchonesmarpe.es\/dcpruebas\/","name":"De Colchones Marpe","description":"Tienda de muebles de descanso en Tenerife","potentialAction":[{"@type":"SearchAction","target":{"@type":"EntryPoint","urlTemplate":"https:\/\/decolchonesmarpe.es\/dcpruebas\/?s={search_term_string}"},"query-input":{"@type":"PropertyValueSpecification","valueRequired":true,"valueName":"search_term_string"}}],"inLanguage":"es"}]}},"_links":{"self":[{"href":"https:\/\/decolchonesmarpe.es\/dcpruebas\/wp-json\/wp\/v2\/product\/3711","targetHints":{"allow":["GET"]}}],"collection":[{"href":"https:\/\/decolchonesmarpe.es\/dcpruebas\/wp-json\/wp\/v2\/product"}],"about":[{"href":"https:\/\/decolchonesmarpe.es\/dcpruebas\/wp-json\/wp\/v2\/types\/product"}],"replies":[{"embeddable":true,"href":"https:\/\/decolchonesmarpe.es\/dcpruebas\/wp-json\/wp\/v2\/comments?post=3711"}],"version-history":[{"count":2,"href":"https:\/\/decolchonesmarpe.es\/dcpruebas\/wp-json\/wp\/v2\/product\/3711\/revisions"}],"predecessor-version":[{"id":3760,"href":"https:\/\/decolchonesmarpe.es\/dcpruebas\/wp-json\/wp\/v2\/product\/3711\/revisions\/3760"}],"wp:featuredmedia":[{"embeddable":true,"href":"https:\/\/decolchonesmarpe.es\/dcpruebas\/wp-json\/wp\/v2\/media\/3713"}],"wp:attachment":[{"href":"https:\/\/decolchonesmarpe.es\/dcpruebas\/wp-json\/wp\/v2\/media?parent=3711"}],"wp:term":[{"taxonomy":"product_cat","embeddable":true,"href":"https:\/\/decolchonesmarpe.es\/dcpruebas\/wp-json\/wp\/v2\/product_cat?post=3711"},{"taxonomy":"product_tag","embeddable":true,"href":"https:\/\/decolchonesmarpe.es\/dcpruebas\/wp-json\/wp\/v2\/product_tag?post=3711"}],"curies":[{"name":"wp","href":"https:\/\/api.w.org\/{rel}","templated":true}]}}